{"id":15,"date":"2016-03-17T13:52:41","date_gmt":"2016-03-17T13:52:41","guid":{"rendered":"http:\/\/tcbruenen.de\/?page_id=15"},"modified":"2024-04-16T11:42:25","modified_gmt":"2024-04-16T11:42:25","slug":"wir-ueber-uns","status":"publish","type":"page","link":"https:\/\/tcbruenen.de\/?page_id=15","title":{"rendered":"wir \u00fcber uns"},"content":{"rendered":"<p>Der TC Br\u00fcnen e.V. wurde gegr\u00fcndet im Jahr 1979. Wir besitzen 5 Tennispl\u00e4tze in herrlicher Lage. Die aktuelle Mitgliederzahl liegt bei ca. 150 Personen. Es wird Einzel- und Gruppentraining angeboten. Unser gem\u00fctliches Clubhaus l\u00e4dt zum verweilen ein und die Kinder k\u00f6nnen sich auf dem eigenen Kinderspielplatz austoben.<\/p>\n<table id=\"Tabelle2\" style=\"height: 311px;\" border=\"1\" width=\"588\" cellspacing=\"3\" cellpadding=\"1\">\n<tbody>\n<tr>\n<td width=\"180\"><strong>Anschrift Clubanlage :<\/strong><\/td>\n<td width=\"277\">\n<address>Clubanlage TC Br\u00fcnen e.V. \/ Bergstra\u00dfe \/ 46499 Hamminkeln Tel: 0178\/8399562<br \/>\nemail: <a href=\"mailto:info@tcbruenen.de\"><u><span style=\"color: #0066cc;\">info@tcbruenen.de<\/span><\/u><\/a><\/address>\n<\/td>\n<\/tr>\n<tr>\n<td width=\"180\">1. Vorsitzender<\/td>\n<td width=\"277\">TC Br\u00fcnen e.V.<br \/>\nc\/o Holger H\u00f6pken<br \/>\nFeldkante 8<br \/>\n46499 Hamminkeln<br \/>\nFestnetz: 02856\/715<br \/>\nMobil: 0170\/8942465<br \/>\nemail: <a href=\"mailto:holger_hoepken@web.de\"><u><span style=\"color: #0066cc;\">holger_hoepken@web.de<\/span><\/u><\/a><\/td>\n<\/tr>\n<tr>\n<td width=\"180\">2. Vorsitzender<\/td>\n<td width=\"277\">Julian Rathofer<br \/>\nemail: <a href=\"mailto:info@tcbruenen.de\"><u><span style=\"color: #0066cc;\">info@<\/span><\/u><u><span style=\"color: #0066cc;\">tcbruenen.de<\/span><\/u><\/a><\/td>\n<\/tr>\n<tr>\n<td width=\"180\" height=\"23\">Gesch\u00e4ftsf\u00fchrer<\/td>\n<td width=\"277\">Jan Rother<br \/>\nemail: <a href=\"mailto:info@tcbruenen.de\"><u><span style=\"color: #0066cc;\">info<\/span><\/u><u><span style=\"color: #0066cc;\">@tcbruenen.de<\/span><\/u><\/a><\/td>\n<\/tr>\n<tr>\n<td width=\"180\" height=\"17\">Sportwart<\/td>\n<td width=\"277\">Jan Meiners<br \/>\nemail: <a href=\"mailto:info@tcbruenen.de\"><u><span style=\"color: #0066cc;\">info<\/span><\/u><u><span style=\"color: #0066cc;\">@tcbruenen.de<\/span><\/u><\/a><\/td>\n<\/tr>\n<tr>\n<td width=\"180\">Jugendwartin<\/td>\n<td width=\"277\">Vanessa M\u00fcller<br \/>\nemail: <a href=\"mailto:info@tcbruenen.de\"><u><span style=\"color: #0066cc;\">info<\/span><\/u><u><span style=\"color: #0066cc;\">@<\/span><\/u><u><span style=\"color: #0066cc;\">tcbruenen.de<\/span><\/u><\/a><\/td>\n<\/tr>\n<tr>\n<td width=\"180\">Kassenwart<\/td>\n<td width=\"277\">Christian Borgmann<br \/>\nemail: <a href=\"mailto:info@tcbruenen.de\"><u><span style=\"color: #0066cc;\">info<\/span><\/u><u><span style=\"color: #0066cc;\">@<\/span><\/u><u><span style=\"color: #0066cc;\">tcbruenen.de<\/span><\/u><\/a><\/td>\n<\/tr>\n<tr>\n<td width=\"180\" height=\"23\">Internetgestaltung<\/td>\n<td width=\"277\">Holger H\u00f6pken<br \/>\nemail: <a href=\"mailto:info@tcbruenen.de\"><u><span style=\"color: #0066cc;\">info<\/span><\/u><u><span style=\"color: #0066cc;\">@<\/span><\/u><u><span style=\"color: #0066cc;\">tcbruenen.de<\/span><\/u><\/a><\/td>\n<\/tr>\n<\/tbody>\n<\/table>\n","protected":false},"excerpt":{"rendered":"<p>Der TC Br\u00fcnen e.V. wurde gegr\u00fcndet im Jahr 1979. Wir besitzen 5 Tennispl\u00e4tze in herrlicher Lage. Die aktuelle Mitgliederzahl liegt bei ca. 150 Personen. Es wird Einzel- und Gruppentraining angeboten. Unser gem\u00fctliches Clubhaus l\u00e4dt zum verweilen ein und die Kinder k\u00f6nnen sich auf dem eigenen Kinderspielplatz austoben. Anschrift Clubanlage : Clubanlage TC Br\u00fcnen e.V. \/ [&hellip;]<\/p>\n","protected":false},"author":1,"featured_media":0,"parent":0,"menu_order":0,"comment_status":"closed","ping_status":"closed","template":"","meta":{"jetpack_post_was_ever_published":false,"footnotes":""},"class_list":["post-15","page","type-page","status-publish","hentry"],"aioseo_notices":[],"jetpack_sharing_enabled":true,"jetpack_shortlink":"https:\/\/wp.me\/PaQzSh-f","_links":{"self":[{"href":"https:\/\/tcbruenen.de\/index.php?rest_route=\/wp\/v2\/pages\/15","targetHints":{"allow":["GET"]}}],"collection":[{"href":"https:\/\/tcbruenen.de\/index.php?rest_route=\/wp\/v2\/pages"}],"about":[{"href":"https:\/\/tcbruenen.de\/index.php?rest_route=\/wp\/v2\/types\/page"}],"author":[{"embeddable":true,"href":"https:\/\/tcbruenen.de\/index.php?rest_route=\/wp\/v2\/users\/1"}],"replies":[{"embeddable":true,"href":"https:\/\/tcbruenen.de\/index.php?rest_route=%2Fwp%2Fv2%2Fcomments&post=15"}],"version-history":[{"count":34,"href":"https:\/\/tcbruenen.de\/index.php?rest_route=\/wp\/v2\/pages\/15\/revisions"}],"predecessor-version":[{"id":2252,"href":"https:\/\/tcbruenen.de\/index.php?rest_route=\/wp\/v2\/pages\/15\/revisions\/2252"}],"wp:attachment":[{"href":"https:\/\/tcbruenen.de\/index.php?rest_route=%2Fwp%2Fv2%2Fmedia&parent=15"}],"curies":[{"name":"wp","href":"https:\/\/api.w.org\/{rel}","templated":true}]}}