{"id":33,"date":"2016-03-17T13:53:29","date_gmt":"2016-03-17T13:53:29","guid":{"rendered":"http:\/\/tcbruenen.de\/?page_id=33"},"modified":"2024-11-05T11:34:27","modified_gmt":"2024-11-05T11:34:27","slug":"anfahrt","status":"publish","type":"page","link":"https:\/\/tcbruenen.de\/?page_id=33","title":{"rendered":"Anfahrt"},"content":{"rendered":"<p><img loading=\"lazy\" decoding=\"async\" class=\"alignnone wp-image-192 size-large\" src=\"https:\/\/tcbruenen.de\/wp-content\/uploads\/2016\/03\/IMG_1167-1024x768.jpg\" alt=\"IMG_1167\" width=\"654\" height=\"491\" srcset=\"https:\/\/tcbruenen.de\/wp-content\/uploads\/2016\/03\/IMG_1167-1024x768.jpg 1024w, https:\/\/tcbruenen.de\/wp-content\/uploads\/2016\/03\/IMG_1167-300x225.jpg 300w, https:\/\/tcbruenen.de\/wp-content\/uploads\/2016\/03\/IMG_1167-768x576.jpg 768w, https:\/\/tcbruenen.de\/wp-content\/uploads\/2016\/03\/IMG_1167-1x1.jpg 1w\" sizes=\"auto, (max-width: 654px) 100vw, 654px\" \/><\/p>\n<p>Br\u00fcnen ist ein Ortsteil von Hamminkeln und liegt ca. 10 km n\u00f6rdlich von Wesel<\/p>\n<p><span style=\"text-decoration: underline;\"><strong>Anfahrt von Norden<\/strong><\/span><br \/>\nA3 Arnheim &#8211; K\u00f6ln<br \/>\nAbfahrt Hamminkeln<br \/>\nRichtung Wesel \/ 2. Ampel links Richtung Br\u00fcnen<\/p>\n<p><span style=\"text-decoration: underline;\"><strong>Anfahrt von S\u00fcden<\/strong><\/span><br \/>\nA3 K\u00f6ln &#8211; Arnheim \/ Abfahrt Wesel\/Schermbeck<br \/>\nB58 Richtung Schermbeck,<br \/>\nlinks abbiegen Richtung Borken (Otto Pankok Museum)<br \/>\nbis B70, Ampel links<\/p>\n<p><strong>dann im Ort Br\u00fcnen<\/strong> auf der B70 Richtung Bergstra\u00dfe<br \/>\nden Schildern folgen Richtung\u00a0 <b>Zentrale Sportanlagen<\/b><\/p>\n<p><strong><em>Routenplaner &#8211;&gt; bitte hier clicken zur Google \u00a0<\/em><\/strong> <b><i><a href=\"https:\/\/www.google.de\/maps\/dir\/\/Bergstra%C3%9Fe,+46499+Hamminkeln\/@51.7244602,6.585865,12z\/data=!4m8!4m7!1m0!1m5!1m1!1s0x47b88f69f7aadd63:0xe2c21a113b461025!2m2!1d6.6682652!2d51.724489?entry=ttu&amp;g_ep=EgoyMDI0MTAyOS4wIKXMDSoASAFQAw%3D%3D\" target=\"_blank\" rel=\"noopener\">Navigation<\/a><\/i><\/b><\/p>\n","protected":false},"excerpt":{"rendered":"<p>Br\u00fcnen ist ein Ortsteil von Hamminkeln und liegt ca. 10 km n\u00f6rdlich von Wesel Anfahrt von Norden A3 Arnheim &#8211; K\u00f6ln Abfahrt Hamminkeln Richtung Wesel \/ 2. Ampel links Richtung Br\u00fcnen Anfahrt von S\u00fcden A3 K\u00f6ln &#8211; Arnheim \/ Abfahrt Wesel\/Schermbeck B58 Richtung Schermbeck, links abbiegen Richtung Borken (Otto Pankok Museum) bis B70, Ampel links [&hellip;]<\/p>\n","protected":false},"author":1,"featured_media":0,"parent":0,"menu_order":0,"comment_status":"closed","ping_status":"closed","template":"","meta":{"jetpack_post_was_ever_published":false,"footnotes":""},"class_list":["post-33","page","type-page","status-publish","hentry"],"aioseo_notices":[],"jetpack_sharing_enabled":true,"jetpack_shortlink":"https:\/\/wp.me\/PaQzSh-x","_links":{"self":[{"href":"https:\/\/tcbruenen.de\/index.php?rest_route=\/wp\/v2\/pages\/33","targetHints":{"allow":["GET"]}}],"collection":[{"href":"https:\/\/tcbruenen.de\/index.php?rest_route=\/wp\/v2\/pages"}],"about":[{"href":"https:\/\/tcbruenen.de\/index.php?rest_route=\/wp\/v2\/types\/page"}],"author":[{"embeddable":true,"href":"https:\/\/tcbruenen.de\/index.php?rest_route=\/wp\/v2\/users\/1"}],"replies":[{"embeddable":true,"href":"https:\/\/tcbruenen.de\/index.php?rest_route=%2Fwp%2Fv2%2Fcomments&post=33"}],"version-history":[{"count":8,"href":"https:\/\/tcbruenen.de\/index.php?rest_route=\/wp\/v2\/pages\/33\/revisions"}],"predecessor-version":[{"id":2363,"href":"https:\/\/tcbruenen.de\/index.php?rest_route=\/wp\/v2\/pages\/33\/revisions\/2363"}],"wp:attachment":[{"href":"https:\/\/tcbruenen.de\/index.php?rest_route=%2Fwp%2Fv2%2Fmedia&parent=33"}],"curies":[{"name":"wp","href":"https:\/\/api.w.org\/{rel}","templated":true}]}}