{"id":49,"date":"2016-03-17T14:09:09","date_gmt":"2016-03-17T14:09:09","guid":{"rendered":"http:\/\/tcbruenen.de\/?page_id=49"},"modified":"2024-05-16T06:37:56","modified_gmt":"2024-05-16T06:37:56","slug":"downloadbereich","status":"publish","type":"page","link":"https:\/\/tcbruenen.de\/?page_id=49","title":{"rendered":"Download"},"content":{"rendered":"<p><a href=\"https:\/\/tcbruenen.de\/wp-content\/uploads\/2023\/09\/Aufnahmeantrag-und-Datenschutzerklaerung-TCB.pdf.pdf\" target=\"_blank\" rel=\"noopener\">Aufnahmeantrag und Datenschutzerkl\u00e4rung TCB<\/a><\/p>\n<p><a href=\"https:\/\/tcbruenen.de\/wp-content\/uploads\/2024\/05\/TC-Bruenen-e.V.-Satzung-NEU-2024.pdf\" target=\"_blank\" rel=\"noopener noreferrer\">Satzung<\/a><\/p>\n<p><a href=\"https:\/\/tcbruenen.de\/wp-content\/uploads\/2018\/09\/Regelung-Eigenleistung-TC-Br\u00fcnen-e.V..pdf\" target=\"_blank\" rel=\"noopener noreferrer\">Regelung der Eigenleistung<\/a><\/p>\n<p><a href=\"https:\/\/tcbruenen.de\/wp-content\/uploads\/2024\/02\/Spendenerklaerung-TC-Bruenen-e.V.pdf\" target=\"_blank\" rel=\"noopener\">Spendenerkl\u00e4rung<\/a><\/p>\n<p><a href=\"https:\/\/tcbruenen.de\/wp-content\/uploads\/2018\/09\/Datenschutzerkl\u00e4rung-f\u00fcr-Mitglieder-des-Tennisclub-Br\u00fcnen.pdf\" target=\"_blank\" rel=\"noopener noreferrer\">Datenschutzerkl\u00e4rung f\u00fcr Mitglieder\u00a0(Anlage\u00a0zum\u00a0Aufnahmeantrag\u00a0Seite\u00a02)<\/a><\/p>\n<p><a href=\"https:\/\/tcbruenen.de\/wp-content\/uploads\/2018\/04\/Datenschutzerkl\u00e4rung-Homepage.pdf\" target=\"_blank\" rel=\"noopener noreferrer\">Datenschutzerkl\u00e4rung \u00fcber die Homepage\/Facebook\/YouTube<\/a><\/p>\n<p><a href=\"https:\/\/tcbruenen.de\/wp-content\/uploads\/2019\/04\/TC-Br\u00fcnen-e.V.-Imagebrosch\u00fcre.pdf\" target=\"_blank\" rel=\"noopener noreferrer\">Imagebrosch\u00fcre<\/a><\/p>\n<p><a href=\"https:\/\/tcbruenen.de\/wp-content\/uploads\/2019\/05\/Anleitung-Defibrillator.pdf\" target=\"_blank\" rel=\"noopener noreferrer\">Anleitung Defibrillator<\/a><\/p>\n<h4><strong>Auch interessant:<\/strong><\/h4>\n<p><a title=\"TVN\" href=\"https:\/\/www.tvn-tennis.de\/\" target=\"_blank\" rel=\"noopener\">Tennisverband Niederrhein<\/a><\/p>\n<p><a title=\"Bezirk 2\" href=\"https:\/\/tvn-bezirk2.de\/\" target=\"_blank\" rel=\"noopener\">TVN Bezirk 2<\/a><\/p>\n<p><a title=\"DTB\" href=\"https:\/\/www.dtb-tennis.de\/\" target=\"_blank\" rel=\"noopener\">Deutscher Tennisbund<\/a><\/p>\n","protected":false},"excerpt":{"rendered":"<p>Aufnahmeantrag und Datenschutzerkl\u00e4rung TCB Satzung Regelung der Eigenleistung Spendenerkl\u00e4rung Datenschutzerkl\u00e4rung f\u00fcr Mitglieder\u00a0(Anlage\u00a0zum\u00a0Aufnahmeantrag\u00a0Seite\u00a02) Datenschutzerkl\u00e4rung \u00fcber die Homepage\/Facebook\/YouTube Imagebrosch\u00fcre Anleitung Defibrillator Auch interessant: Tennisverband Niederrhein TVN Bezirk 2 Deutscher Tennisbund<\/p>\n","protected":false},"author":1,"featured_media":0,"parent":0,"menu_order":0,"comment_status":"closed","ping_status":"closed","template":"","meta":{"jetpack_post_was_ever_published":false,"footnotes":""},"class_list":["post-49","page","type-page","status-publish","hentry"],"aioseo_notices":[],"jetpack_sharing_enabled":true,"jetpack_shortlink":"https:\/\/wp.me\/PaQzSh-N","_links":{"self":[{"href":"https:\/\/tcbruenen.de\/index.php?rest_route=\/wp\/v2\/pages\/49","targetHints":{"allow":["GET"]}}],"collection":[{"href":"https:\/\/tcbruenen.de\/index.php?rest_route=\/wp\/v2\/pages"}],"about":[{"href":"https:\/\/tcbruenen.de\/index.php?rest_route=\/wp\/v2\/types\/page"}],"author":[{"embeddable":true,"href":"https:\/\/tcbruenen.de\/index.php?rest_route=\/wp\/v2\/users\/1"}],"replies":[{"embeddable":true,"href":"https:\/\/tcbruenen.de\/index.php?rest_route=%2Fwp%2Fv2%2Fcomments&post=49"}],"version-history":[{"count":31,"href":"https:\/\/tcbruenen.de\/index.php?rest_route=\/wp\/v2\/pages\/49\/revisions"}],"predecessor-version":[{"id":2264,"href":"https:\/\/tcbruenen.de\/index.php?rest_route=\/wp\/v2\/pages\/49\/revisions\/2264"}],"wp:attachment":[{"href":"https:\/\/tcbruenen.de\/index.php?rest_route=%2Fwp%2Fv2%2Fmedia&parent=49"}],"curies":[{"name":"wp","href":"https:\/\/api.w.org\/{rel}","templated":true}]}}