{"id":746,"date":"2017-10-18T11:32:29","date_gmt":"2017-10-18T11:32:29","guid":{"rendered":"http:\/\/tcbruenen.de\/?page_id=746"},"modified":"2019-07-04T12:22:33","modified_gmt":"2019-07-04T12:22:33","slug":"eigenleistung","status":"publish","type":"page","link":"https:\/\/tcbruenen.de\/?page_id=746","title":{"rendered":"Eigenleistung"},"content":{"rendered":"<p>Regelung von &#8222;Eigenleistung&#8220;<\/p>\n<p>Zur Ableistung von 10 Arbeitsstunden im Kalenderjahr sind alle aktiven m\u00e4nnlichen Mitglieder ab dem Jahr nach Vollendung ihres 18. Lebensjahres und bis zur Vollendung des 70. Lebensjahres verpflichtet.<\/p>\n<p>Zur Ableistung von Arbeitsstunden auf der Tennisanlage werden 2 Termine im Fr\u00fchjahr und 2 Termine im Herbst angeboten. Diese Termine werden auf der Homepage unter &lt;Termine&gt; ver\u00f6ffentlicht. In Absprache mit dem Platzwart k\u00f6nnen in besonderen F\u00e4llen die Arbeitsstunden auch au\u00dferhalb der angebotenen Termine abgeleistet werden.<\/p>\n<p>In Abstimmung mit dem Vorstand k\u00f6nnen in Einzelf\u00e4llen an Stelle von Arbeitsstunden auf der Tennisanlage auch alternative Leistungen erbracht werden.<\/p>\n<p>Beispielsweise:<br \/>\n\uf0e8 Arbeiten im Zuge von Bauma\u00dfnahmen<br \/>\n\uf0e8 Gr\u00fcnschnittarbeiten und Platzpflege<\/p>\n<p>Bei neuen Mitgliedschaften, die nach den Fr\u00fchjahrsterminen f\u00fcr Arbeitsstunden beginnen, besteht die \u00bd Arbeitsstundenpflicht f\u00fcr das restliche laufende Jahr.<\/p>\n<p>F\u00fcr junge Erwachsene \u00fcber 18 Jahre, die wegen Ausbildung\/Studium maximal bis zum 25. Lebensjahr den Jugendbeitrag zahlen oder im Familienbeitrag ber\u00fccksichtigt sind, besteht die Arbeitsstundenpflicht uneingeschr\u00e4nkt.<\/p>\n<p>Mitglieder im TCB-Vorstand sind von der Arbeitsstundenplicht befreit.<br \/>\nErsatzbeitr\u00e4ge f\u00fcr nicht geleistete Arbeitsstunden werden nach einem entsprechenden Hinweis auf der Homepage im November per Lastschrift eingezogen.<\/p>\n<p>TC Br\u00fcnen e.V.<br \/>\nDer Vorstand<\/p>\n<p>-&gt; Download als PDF\u00a0 <a href=\"https:\/\/tcbruenen.de\/wp-content\/uploads\/2018\/09\/Regelung-Eigenleistung-TC-Br\u00fcnen-e.V..pdf\" target=\"_blank\" rel=\"noopener noreferrer\">Eigenleistung<\/a><\/p>\n","protected":false},"excerpt":{"rendered":"<p>Regelung von &#8222;Eigenleistung&#8220; Zur Ableistung von 10 Arbeitsstunden im Kalenderjahr sind alle aktiven m\u00e4nnlichen Mitglieder ab dem Jahr nach Vollendung ihres 18. Lebensjahres und bis zur Vollendung des 70. Lebensjahres verpflichtet. Zur Ableistung von Arbeitsstunden auf der Tennisanlage werden 2 Termine im Fr\u00fchjahr und 2 Termine im Herbst angeboten. Diese Termine werden auf der Homepage [&hellip;]<\/p>\n","protected":false},"author":1,"featured_media":0,"parent":0,"menu_order":0,"comment_status":"closed","ping_status":"closed","template":"","meta":{"jetpack_post_was_ever_published":false,"footnotes":""},"class_list":["post-746","page","type-page","status-publish","hentry"],"aioseo_notices":[],"jetpack_sharing_enabled":true,"jetpack_shortlink":"https:\/\/wp.me\/PaQzSh-c2","_links":{"self":[{"href":"https:\/\/tcbruenen.de\/index.php?rest_route=\/wp\/v2\/pages\/746","targetHints":{"allow":["GET"]}}],"collection":[{"href":"https:\/\/tcbruenen.de\/index.php?rest_route=\/wp\/v2\/pages"}],"about":[{"href":"https:\/\/tcbruenen.de\/index.php?rest_route=\/wp\/v2\/types\/page"}],"author":[{"embeddable":true,"href":"https:\/\/tcbruenen.de\/index.php?rest_route=\/wp\/v2\/users\/1"}],"replies":[{"embeddable":true,"href":"https:\/\/tcbruenen.de\/index.php?rest_route=%2Fwp%2Fv2%2Fcomments&post=746"}],"version-history":[{"count":4,"href":"https:\/\/tcbruenen.de\/index.php?rest_route=\/wp\/v2\/pages\/746\/revisions"}],"predecessor-version":[{"id":1438,"href":"https:\/\/tcbruenen.de\/index.php?rest_route=\/wp\/v2\/pages\/746\/revisions\/1438"}],"wp:attachment":[{"href":"https:\/\/tcbruenen.de\/index.php?rest_route=%2Fwp%2Fv2%2Fmedia&parent=746"}],"curies":[{"name":"wp","href":"https:\/\/api.w.org\/{rel}","templated":true}]}}