{"id":923,"date":"2018-05-02T09:05:04","date_gmt":"2018-05-02T09:05:04","guid":{"rendered":"http:\/\/tcbruenen.de\/?page_id=923"},"modified":"2024-11-05T12:22:51","modified_gmt":"2024-11-05T12:22:51","slug":"spendenerklaerung","status":"publish","type":"page","link":"https:\/\/tcbruenen.de\/?page_id=923","title":{"rendered":"Spendenerkl\u00e4rung"},"content":{"rendered":"<p>Damit Tennis den Menschen von Anfang an Spa\u00df bereitet, m\u00fcssen wir jedes Jahr f\u00fcr sehr gute Platzverh\u00e4ltnisse sorgen. Dieses geschieht im \u00fcberwiegenden Teil in Eigenleistung durch unsere Mitglieder. Jedes Jahr wird hierzu die alte Asche auf den Spielfeldern abgetragen um so einen neuen Untergrund zu schaffen f\u00fcr die neue Asche.\u00a0Dieser Vorgang ist sehr kostspielig aber nur so\u00a0ist ein \u201ereibungsloser\u201c Spielbetrieb gew\u00e4hrleisten.<\/p>\n<p>Wir m\u00f6chten Menschen <strong>in Bewegung bringen<\/strong> und ihnen von Anfang an den Spa\u00df am Tennissport vermitteln. <u>Tennis als Familien- und Breitensport ist unsere Maxime<\/u> \u2013 das spiegelt sich dank familienfreundlicher Mitgliedsbeitr\u00e4ge und zielgruppengerichteter Aktivit\u00e4ten auch in unserer Mitgliederstruktur wieder. J\u00e4hrlich f\u00fchren wir einen <strong>Family-and-Friends Day<\/strong> durch. Dieser Schnupper-Tennistag soll vor allem <strong>Kinder<\/strong> und <strong>Eltern<\/strong>, sowie <strong>interessierten Mitmenschen<\/strong> das Tennisspielen n\u00e4her bringen. Hierdurch konnten wir seit l\u00e4ngerer Zeit wieder neue Mitglieder gewinnen, die nun voller Freude auf unserer Tennisanlage trainieren oder sich sogar einer Medenmannschaft angeschlossen haben.<\/p>\n<p><strong>Tennis bewegt Deutschland<\/strong><\/p>\n<p>Auch wenn der Fu\u00dfball eine schier \u00fcberm\u00e4chtige Konkurrenz darstellt \u2013 dank der j\u00fcngsten Erfolge unserer deutschen Tennis-Profis ist Tennis wieder \u201ein\u201c. Und zwar zu Recht: Ein Sport <strong>f\u00fcr Gro\u00df und Klein<\/strong>, <strong>f\u00fcr Alt und Jung<\/strong>. Ein Sport, <u>der Generationen verbindet<\/u> und zum gemeinsamen Spiel auf einen Platz holt. In welcher anderen Sportart gibt es das sonst noch, dass Kinder mit ihren Eltern ein \u201eFamilien-Doppel\u201c spielen? Und der 15-J\u00e4hrige Enkel den 65-J\u00e4hrigen Opa \u00fcber den Platz scheucht \u2013 oder umgekehrt!<\/p>\n<p>In Zeiten langer Kita-Tage, Ganztagsschulen und verk\u00fcmmerter Stra\u00dfenspiel-Kultur wollen wir auch den Kindern in ihrer Freizeit vielseitige Bewegungsm\u00f6glichkeiten verschaffen. Nur mit ordentlichen Platzverh\u00e4ltnissen k\u00f6nnen wir unser Angebot weiter ausbauen. Denn eines ist klar: Tennis bewegt die Menschen.<\/p>\n<p>Ohne gro\u00dfe Sponsoren oder Spendengelder im R\u00fccken sind wir bei kostspieligen Investitionen immer auf die Unterst\u00fctzung unserer Mitglieder und F\u00f6rderer angewiesen. Aber auch deren Mittel sind begrenzt. Durch eine Spende k\u00f6nnen wir nun noch mehr Menschen in Br\u00fcnen und ganz Hamminkeln\/Wesel \u00fcber unsere Aktivit\u00e4ten informieren und weitere Unterst\u00fctzer von unseren Ideen \u00fcberzeugen.<\/p>\n<p>Sie wollen auch etwas bewegen? Dann fangen Sie doch mit den Br\u00fcner Tenniscracks an und helfen Sie uns durch eine Spende. Die Vereinsverantwortlichen freuen sich \u00fcber jede Form der Unterst\u00fctzung und danken Ihnen schon jetzt ganz herzlich!<\/p>\n<h3>Download: <a href=\"https:\/\/tcbruenen.de\/wp-content\/uploads\/2018\/05\/Spendenerkl\u00e4rung-TC-Br\u00fcnen-e.V.pdf\" target=\"_blank\" rel=\"noopener\">Spendenerkl\u00e4rung<\/a><\/h3>\n\n\n<p><\/p>\n","protected":false},"excerpt":{"rendered":"<p>Damit Tennis den Menschen von Anfang an Spa\u00df bereitet, m\u00fcssen wir jedes Jahr f\u00fcr sehr gute Platzverh\u00e4ltnisse sorgen. Dieses geschieht im \u00fcberwiegenden Teil in Eigenleistung durch unsere Mitglieder. Jedes Jahr wird hierzu die alte Asche auf den Spielfeldern abgetragen um so einen neuen Untergrund zu schaffen f\u00fcr die neue Asche.\u00a0Dieser Vorgang ist sehr kostspielig aber [&hellip;]<\/p>\n","protected":false},"author":1,"featured_media":0,"parent":0,"menu_order":0,"comment_status":"closed","ping_status":"closed","template":"","meta":{"jetpack_post_was_ever_published":false,"footnotes":""},"class_list":["post-923","page","type-page","status-publish","hentry"],"aioseo_notices":[],"jetpack_sharing_enabled":true,"jetpack_shortlink":"https:\/\/wp.me\/PaQzSh-eT","_links":{"self":[{"href":"https:\/\/tcbruenen.de\/index.php?rest_route=\/wp\/v2\/pages\/923","targetHints":{"allow":["GET"]}}],"collection":[{"href":"https:\/\/tcbruenen.de\/index.php?rest_route=\/wp\/v2\/pages"}],"about":[{"href":"https:\/\/tcbruenen.de\/index.php?rest_route=\/wp\/v2\/types\/page"}],"author":[{"embeddable":true,"href":"https:\/\/tcbruenen.de\/index.php?rest_route=\/wp\/v2\/users\/1"}],"replies":[{"embeddable":true,"href":"https:\/\/tcbruenen.de\/index.php?rest_route=%2Fwp%2Fv2%2Fcomments&post=923"}],"version-history":[{"count":6,"href":"https:\/\/tcbruenen.de\/index.php?rest_route=\/wp\/v2\/pages\/923\/revisions"}],"predecessor-version":[{"id":2385,"href":"https:\/\/tcbruenen.de\/index.php?rest_route=\/wp\/v2\/pages\/923\/revisions\/2385"}],"wp:attachment":[{"href":"https:\/\/tcbruenen.de\/index.php?rest_route=%2Fwp%2Fv2%2Fmedia&parent=923"}],"curies":[{"name":"wp","href":"https:\/\/api.w.org\/{rel}","templated":true}]}}